{"id":2171,"date":"2024-04-09T09:48:07","date_gmt":"2024-04-09T09:48:07","guid":{"rendered":"http:\/\/82.77.120.210\/8.1\/sites\/epicureans-spirit-gin\/mentions-legales\/"},"modified":"2024-04-09T12:48:26","modified_gmt":"2024-04-09T12:48:26","slug":"mentions-legales","status":"publish","type":"page","link":"https:\/\/www.epicureans-spirit.com\/fr\/mentions-legales\/","title":{"rendered":"Mentions l\u00e9gales"},"content":{"rendered":"\t\t<div data-elementor-type=\"wp-page\" data-elementor-id=\"2171\" class=\"elementor elementor-2171 elementor-2162\" data-elementor-post-type=\"page\">\n\t\t\t\t\t\t<section class=\"elementor-section elementor-top-section elementor-element elementor-element-59e4b964 elementor-section-height-min-height elementor-section-full_width elementor-section-height-default elementor-section-items-middle\" data-id=\"59e4b964\" data-element_type=\"section\" data-settings=\"{&quot;background_background&quot;:&quot;classic&quot;}\">\n\t\t\t\t\t\t<div class=\"elementor-container elementor-column-gap-no\">\n\t\t\t\t\t<div class=\"elementor-column elementor-col-100 elementor-top-column elementor-element elementor-element-4bd4bf7b\" data-id=\"4bd4bf7b\" data-element_type=\"column\">\n\t\t\t<div class=\"elementor-widget-wrap\">\n\t\t\t\t\t\t\t<\/div>\n\t\t<\/div>\n\t\t\t\t\t<\/div>\n\t\t<\/section>\n\t\t\t\t<section class=\"elementor-section elementor-top-section elementor-element elementor-element-4706eaa4 elementor-section-boxed elementor-section-height-default elementor-section-height-default\" data-id=\"4706eaa4\" data-element_type=\"section\">\n\t\t\t\t\t\t<div class=\"elementor-container elementor-column-gap-default\">\n\t\t\t\t\t<div class=\"elementor-column elementor-col-100 elementor-top-column elementor-element elementor-element-27a7bf41\" data-id=\"27a7bf41\" data-element_type=\"column\">\n\t\t\t<div class=\"elementor-widget-wrap elementor-element-populated\">\n\t\t\t\t\t\t<div class=\"elementor-element elementor-element-27095531 elementor-widget elementor-widget-heading\" data-id=\"27095531\" data-element_type=\"widget\" data-widget_type=\"heading.default\">\n\t\t\t\t<div class=\"elementor-widget-container\">\n\t\t\t<style>\/*! elementor - v3.21.0 - 25-04-2024 *\/\n.elementor-heading-title{padding:0;margin:0;line-height:1}.elementor-widget-heading .elementor-heading-title[class*=elementor-size-]>a{color:inherit;font-size:inherit;line-height:inherit}.elementor-widget-heading .elementor-heading-title.elementor-size-small{font-size:15px}.elementor-widget-heading .elementor-heading-title.elementor-size-medium{font-size:19px}.elementor-widget-heading .elementor-heading-title.elementor-size-large{font-size:29px}.elementor-widget-heading .elementor-heading-title.elementor-size-xl{font-size:39px}.elementor-widget-heading .elementor-heading-title.elementor-size-xxl{font-size:59px}<\/style><h1 class=\"elementor-heading-title elementor-size-default\">MENTIONS L\u00c9GALES<\/h1>\t\t<\/div>\n\t\t\t\t<\/div>\n\t\t\t\t\t<\/div>\n\t\t<\/div>\n\t\t\t\t\t<\/div>\n\t\t<\/section>\n\t\t<div class=\"elementor-element elementor-element-3b1ed87 e-flex e-con-boxed e-con e-parent\" data-id=\"3b1ed87\" data-element_type=\"container\">\n\t\t\t\t\t<div class=\"e-con-inner\">\n\t\t\t\t<div class=\"elementor-element elementor-element-9675b69 elementor-widget elementor-widget-spacer\" data-id=\"9675b69\" data-element_type=\"widget\" data-widget_type=\"spacer.default\">\n\t\t\t\t<div class=\"elementor-widget-container\">\n\t\t\t<style>\/*! elementor - v3.21.0 - 25-04-2024 *\/\n.elementor-column .elementor-spacer-inner{height:var(--spacer-size)}.e-con{--container-widget-width:100%}.e-con-inner>.elementor-widget-spacer,.e-con>.elementor-widget-spacer{width:var(--container-widget-width,var(--spacer-size));--align-self:var(--container-widget-align-self,initial);--flex-shrink:0}.e-con-inner>.elementor-widget-spacer>.elementor-widget-container,.e-con>.elementor-widget-spacer>.elementor-widget-container{height:100%;width:100%}.e-con-inner>.elementor-widget-spacer>.elementor-widget-container>.elementor-spacer,.e-con>.elementor-widget-spacer>.elementor-widget-container>.elementor-spacer{height:100%}.e-con-inner>.elementor-widget-spacer>.elementor-widget-container>.elementor-spacer>.elementor-spacer-inner,.e-con>.elementor-widget-spacer>.elementor-widget-container>.elementor-spacer>.elementor-spacer-inner{height:var(--container-widget-height,var(--spacer-size))}.e-con-inner>.elementor-widget-spacer.elementor-widget-empty,.e-con>.elementor-widget-spacer.elementor-widget-empty{position:relative;min-height:22px;min-width:22px}.e-con-inner>.elementor-widget-spacer.elementor-widget-empty .elementor-widget-empty-icon,.e-con>.elementor-widget-spacer.elementor-widget-empty .elementor-widget-empty-icon{position:absolute;top:0;bottom:0;left:0;right:0;margin:auto;padding:0;width:22px;height:22px}<\/style>\t\t<div class=\"elementor-spacer\">\n\t\t\t<div class=\"elementor-spacer-inner\"><\/div>\n\t\t<\/div>\n\t\t\t\t<\/div>\n\t\t\t\t<\/div>\n\t\t\t\t\t<\/div>\n\t\t\t\t<\/div>\n\t\t<div class=\"elementor-element elementor-element-776a2b5c e-flex e-con-boxed e-con e-parent\" data-id=\"776a2b5c\" data-element_type=\"container\">\n\t\t\t\t\t<div class=\"e-con-inner\">\n\t\t\t\t<div class=\"elementor-element elementor-element-3b8fd928 elementor-widget elementor-widget-text-editor\" data-id=\"3b8fd928\" data-element_type=\"widget\" data-widget_type=\"text-editor.default\">\n\t\t\t\t<div class=\"elementor-widget-container\">\n\t\t\t<style>\/*! elementor - v3.21.0 - 25-04-2024 *\/\n.elementor-widget-text-editor.elementor-drop-cap-view-stacked .elementor-drop-cap{background-color:#69727d;color:#fff}.elementor-widget-text-editor.elementor-drop-cap-view-framed .elementor-drop-cap{color:#69727d;border:3px solid;background-color:transparent}.elementor-widget-text-editor:not(.elementor-drop-cap-view-default) .elementor-drop-cap{margin-top:8px}.elementor-widget-text-editor:not(.elementor-drop-cap-view-default) .elementor-drop-cap-letter{width:1em;height:1em}.elementor-widget-text-editor .elementor-drop-cap{float:left;text-align:center;line-height:1;font-size:50px}.elementor-widget-text-editor .elementor-drop-cap-letter{display:inline-block}<\/style>\t\t\t\t<p>Le site web www.epicureans-spirit.com est exploit\u00e9 par Epicureans Spirit. Ce site et tous les droits qui y sont li\u00e9s sont la propri\u00e9t\u00e9 de la soci\u00e9t\u00e9 EPICUREAN SPIRIT SASU. Toute reproduction, m\u00eame partielle, est soumise \u00e0 une autorisation pr\u00e9alable du propri\u00e9taire.  <\/p>\n\t\t\t\t\t\t<\/div>\n\t\t\t\t<\/div>\n\t\t\t\t\t<\/div>\n\t\t\t\t<\/div>\n\t\t<div class=\"elementor-element elementor-element-4956375 e-flex e-con-boxed e-con e-parent\" data-id=\"4956375\" data-element_type=\"container\">\n\t\t\t\t\t<div class=\"e-con-inner\">\n\t\t\t\t<div class=\"elementor-element elementor-element-f297155 elementor-widget elementor-widget-text-editor\" data-id=\"f297155\" data-element_type=\"widget\" data-widget_type=\"text-editor.default\">\n\t\t\t\t<div class=\"elementor-widget-container\">\n\t\t\t\t\t\t\t<p>Nom : EPICUREANS SPIRIT<\/p>\n<p>Si\u00e8ge Social : 11 rue de Javel 75015 Paris France<\/p>\n<p>T\u00e9l\u00e9phone : <a href=\"tel:+33123456789\">+33 1 23 45 67 89<\/a><\/p>\n<p>Email : <a href=\"mailto:contact@epicureans-pirit.com\">contact@epicureans-pirit.com<\/a><\/p>\n<p>Site Web : <a href=\"www.epicureans-spirit.com\" target=\"_blank\">www.epicureans-spirit.com<\/a><\/p>\n<p>Num\u00e9ro d&#8217;inscription RCS : Paris B 925 188 526<\/p>\n<p>Num\u00e9ro de TVA : FR24925188526<\/p>\n<p>Repr\u00e9sentant L\u00e9gal : Joseph Freiha<\/p>\n<p>Le directeur de publication et r\u00e9dacteur en chef est Joseph Freiha agissant en tant que repr\u00e9sentant l\u00e9gal d&#8217;EPICUREANS SPIRIT.<\/p>\n<p>Site h\u00e9berg\u00e9 par : OVH Cloud<\/p>\t\t\t\t\t\t<\/div>\n\t\t\t\t<\/div>\n\t\t\t\t\t<\/div>\n\t\t\t\t<\/div>\n\t\t<div class=\"elementor-element elementor-element-9843121 e-flex e-con-boxed e-con e-parent\" data-id=\"9843121\" data-element_type=\"container\">\n\t\t\t\t\t<div class=\"e-con-inner\">\n\t\t\t\t<div class=\"elementor-element elementor-element-f8836dd elementor-widget elementor-widget-text-editor\" data-id=\"f8836dd\" data-element_type=\"widget\" data-widget_type=\"text-editor.default\">\n\t\t\t\t<div class=\"elementor-widget-container\">\n\t\t\t\t\t\t\t<p>Marque D\u00e9pos\u00e9e<\/p>\n<p>La marque EPICUREANS SPIRIT est une marque d\u00e9pos\u00e9e. Toute reproduction ou imitation sera poursuivie pour contrefa\u00e7on.<\/p>\n<p>Protection des Mineurs<\/p>\n<p>Conform\u00e9ment \u00e0 l&#8217;article L. 3342-1 du Code de la sant\u00e9 publique qui stipule que la vente d&#8217;alcool aux mineurs de moins de dix-huit (18) ans est interdite, l&#8217;acheteur s&#8217;engage en remplissant le bon de commande \u00e0 \u00eatre \u00e2g\u00e9 d&#8217;au moins dix-huit ans \u00e0 la date de la commande.<\/p>\n<p>Abus d&#8217;Alcool<\/p>\n<p>La consommation excessive d&#8217;alcool est dangereuse pour la sant\u00e9. Consommez et appr\u00e9ciez de mani\u00e8re responsable.<\/p>\n<p>Protection des Fichiers &#8211; Droits de Propri\u00e9t\u00e9 Intellectuelle<\/p>\n<div>Conform\u00e9ment aux r\u00e9glementations concernant la protection l\u00e9gale des bases de donn\u00e9es, EPICUREANS SPIRIT est l&#8217;auteur et le propri\u00e9taire des bases de donn\u00e9es comprenant ce site web. Toutes les donn\u00e9es pr\u00e9sentes sur ce site (textes, images, graphiques, logos, ic\u00f4nes, contenu informatif&#8230;) sauf mention explicite d&#8217;un droit d&#8217;auteur de tiers, sont sa conception exclusive et propri\u00e9t\u00e9 prot\u00e9g\u00e9e par le droit d&#8217;auteur comme \u0153uvre de l&#8217;esprit. Toute utilisation non autoris\u00e9e, reproduction totale ou partielle, sera poursuivie.<\/div>\t\t\t\t\t\t<\/div>\n\t\t\t\t<\/div>\n\t\t\t\t\t<\/div>\n\t\t\t\t<\/div>\n\t\t\t\t<\/div>\n\t\t","protected":false},"excerpt":{"rendered":"<p>MENTIONS L\u00c9GALES Le site web www.epicureans-spirit.com est exploit\u00e9 par Epicureans Spirit. Ce site et tous les droits qui y sont li\u00e9s sont la propri\u00e9t\u00e9 de la soci\u00e9t\u00e9 EPICUREAN SPIRIT SASU. Toute reproduction, m\u00eame partielle, est soumise \u00e0 une autorisation pr\u00e9alable du propri\u00e9taire. Nom : EPICUREANS SPIRIT Si\u00e8ge Social : 11 rue de Javel 75015 Paris [&hellip;]<\/p>\n","protected":false},"author":1,"featured_media":0,"parent":0,"menu_order":0,"comment_status":"closed","ping_status":"closed","template":"","meta":{"footnotes":""},"class_list":["post-2171","page","type-page","status-publish","hentry"],"yoast_head":"<!-- This site is optimized with the Yoast SEO plugin v26.9 - https:\/\/yoast.com\/product\/yoast-seo-wordpress\/ -->\n<title>Mentions l\u00e9gales - Epicureans Spirit Gin<\/title>\n<meta name=\"robots\" content=\"index, follow, max-snippet:-1, max-image-preview:large, max-video-preview:-1\" \/>\n<link rel=\"canonical\" href=\"https:\/\/www.epicureans-spirit.com\/fr\/mentions-legales\/\" \/>\n<meta property=\"og:locale\" content=\"fr_FR\" \/>\n<meta property=\"og:type\" content=\"article\" \/>\n<meta property=\"og:title\" content=\"Mentions l\u00e9gales - Epicureans Spirit Gin\" \/>\n<meta property=\"og:description\" content=\"MENTIONS L\u00c9GALES Le site web www.epicureans-spirit.com est exploit\u00e9 par Epicureans Spirit. Ce site et tous les droits qui y sont li\u00e9s sont la propri\u00e9t\u00e9 de la soci\u00e9t\u00e9 EPICUREAN SPIRIT SASU. Toute reproduction, m\u00eame partielle, est soumise \u00e0 une autorisation pr\u00e9alable du propri\u00e9taire. Nom : EPICUREANS SPIRIT Si\u00e8ge Social : 11 rue de Javel 75015 Paris [&hellip;]\" \/>\n<meta property=\"og:url\" content=\"https:\/\/www.epicureans-spirit.com\/fr\/mentions-legales\/\" \/>\n<meta property=\"og:site_name\" content=\"Epicureans Spirit Gin\" \/>\n<meta property=\"article:publisher\" content=\"https:\/\/www.facebook.com\/epicureans.gin\" \/>\n<meta property=\"article:modified_time\" content=\"2024-04-09T12:48:26+00:00\" \/>\n<meta name=\"twitter:card\" content=\"summary_large_image\" \/>\n<meta name=\"twitter:label1\" content=\"Dur\u00e9e de lecture estim\u00e9e\" \/>\n\t<meta name=\"twitter:data1\" content=\"2 minutes\" \/>\n<script type=\"application\/ld+json\" class=\"yoast-schema-graph\">{\"@context\":\"https:\/\/schema.org\",\"@graph\":[{\"@type\":\"WebPage\",\"@id\":\"https:\/\/www.epicureans-spirit.com\/fr\/mentions-legales\/\",\"url\":\"https:\/\/www.epicureans-spirit.com\/fr\/mentions-legales\/\",\"name\":\"Mentions l\u00e9gales - Epicureans Spirit Gin\",\"isPartOf\":{\"@id\":\"https:\/\/www.epicureans-spirit.com\/#website\"},\"datePublished\":\"2024-04-09T09:48:07+00:00\",\"dateModified\":\"2024-04-09T12:48:26+00:00\",\"breadcrumb\":{\"@id\":\"https:\/\/www.epicureans-spirit.com\/fr\/mentions-legales\/#breadcrumb\"},\"inLanguage\":\"fr-FR\",\"potentialAction\":[{\"@type\":\"ReadAction\",\"target\":[\"https:\/\/www.epicureans-spirit.com\/fr\/mentions-legales\/\"]}]},{\"@type\":\"BreadcrumbList\",\"@id\":\"https:\/\/www.epicureans-spirit.com\/fr\/mentions-legales\/#breadcrumb\",\"itemListElement\":[{\"@type\":\"ListItem\",\"position\":1,\"name\":\"Home\",\"item\":\"https:\/\/www.epicureans-spirit.com\/fr\/accueil\/\"},{\"@type\":\"ListItem\",\"position\":2,\"name\":\"Mentions l\u00e9gales\"}]},{\"@type\":\"WebSite\",\"@id\":\"https:\/\/www.epicureans-spirit.com\/#website\",\"url\":\"https:\/\/www.epicureans-spirit.com\/\",\"name\":\"Epicureans Spirit Gin\",\"description\":\"Gin Gastronomique Fran\u00e7ais\",\"publisher\":{\"@id\":\"https:\/\/www.epicureans-spirit.com\/#organization\"},\"potentialAction\":[{\"@type\":\"SearchAction\",\"target\":{\"@type\":\"EntryPoint\",\"urlTemplate\":\"https:\/\/www.epicureans-spirit.com\/?s={search_term_string}\"},\"query-input\":{\"@type\":\"PropertyValueSpecification\",\"valueRequired\":true,\"valueName\":\"search_term_string\"}}],\"inLanguage\":\"fr-FR\"},{\"@type\":\"Organization\",\"@id\":\"https:\/\/www.epicureans-spirit.com\/#organization\",\"name\":\"Epicureans Spirit Gin\",\"url\":\"https:\/\/www.epicureans-spirit.com\/\",\"logo\":{\"@type\":\"ImageObject\",\"inLanguage\":\"fr-FR\",\"@id\":\"https:\/\/www.epicureans-spirit.com\/#\/schema\/logo\/image\/\",\"url\":\"https:\/\/www.epicureans-spirit.com\/wp-content\/uploads\/2024\/05\/E-Spirit-navy-cropped.png\",\"contentUrl\":\"https:\/\/www.epicureans-spirit.com\/wp-content\/uploads\/2024\/05\/E-Spirit-navy-cropped.png\",\"width\":1539,\"height\":1539,\"caption\":\"Epicureans Spirit Gin\"},\"image\":{\"@id\":\"https:\/\/www.epicureans-spirit.com\/#\/schema\/logo\/image\/\"},\"sameAs\":[\"https:\/\/www.facebook.com\/epicureans.gin\",\"https:\/\/www.instagram.com\/epicureans.gin\/\"]}]}<\/script>\n<!-- \/ Yoast SEO plugin. -->","yoast_head_json":{"title":"Mentions l\u00e9gales - Epicureans Spirit Gin","robots":{"index":"index","follow":"follow","max-snippet":"max-snippet:-1","max-image-preview":"max-image-preview:large","max-video-preview":"max-video-preview:-1"},"canonical":"https:\/\/www.epicureans-spirit.com\/fr\/mentions-legales\/","og_locale":"fr_FR","og_type":"article","og_title":"Mentions l\u00e9gales - Epicureans Spirit Gin","og_description":"MENTIONS L\u00c9GALES Le site web www.epicureans-spirit.com est exploit\u00e9 par Epicureans Spirit. Ce site et tous les droits qui y sont li\u00e9s sont la propri\u00e9t\u00e9 de la soci\u00e9t\u00e9 EPICUREAN SPIRIT SASU. Toute reproduction, m\u00eame partielle, est soumise \u00e0 une autorisation pr\u00e9alable du propri\u00e9taire. Nom : EPICUREANS SPIRIT Si\u00e8ge Social : 11 rue de Javel 75015 Paris [&hellip;]","og_url":"https:\/\/www.epicureans-spirit.com\/fr\/mentions-legales\/","og_site_name":"Epicureans Spirit Gin","article_publisher":"https:\/\/www.facebook.com\/epicureans.gin","article_modified_time":"2024-04-09T12:48:26+00:00","twitter_card":"summary_large_image","twitter_misc":{"Dur\u00e9e de lecture estim\u00e9e":"2 minutes"},"schema":{"@context":"https:\/\/schema.org","@graph":[{"@type":"WebPage","@id":"https:\/\/www.epicureans-spirit.com\/fr\/mentions-legales\/","url":"https:\/\/www.epicureans-spirit.com\/fr\/mentions-legales\/","name":"Mentions l\u00e9gales - Epicureans Spirit Gin","isPartOf":{"@id":"https:\/\/www.epicureans-spirit.com\/#website"},"datePublished":"2024-04-09T09:48:07+00:00","dateModified":"2024-04-09T12:48:26+00:00","breadcrumb":{"@id":"https:\/\/www.epicureans-spirit.com\/fr\/mentions-legales\/#breadcrumb"},"inLanguage":"fr-FR","potentialAction":[{"@type":"ReadAction","target":["https:\/\/www.epicureans-spirit.com\/fr\/mentions-legales\/"]}]},{"@type":"BreadcrumbList","@id":"https:\/\/www.epicureans-spirit.com\/fr\/mentions-legales\/#breadcrumb","itemListElement":[{"@type":"ListItem","position":1,"name":"Home","item":"https:\/\/www.epicureans-spirit.com\/fr\/accueil\/"},{"@type":"ListItem","position":2,"name":"Mentions l\u00e9gales"}]},{"@type":"WebSite","@id":"https:\/\/www.epicureans-spirit.com\/#website","url":"https:\/\/www.epicureans-spirit.com\/","name":"Epicureans Spirit Gin","description":"Gin Gastronomique Fran\u00e7ais","publisher":{"@id":"https:\/\/www.epicureans-spirit.com\/#organization"},"potentialAction":[{"@type":"SearchAction","target":{"@type":"EntryPoint","urlTemplate":"https:\/\/www.epicureans-spirit.com\/?s={search_term_string}"},"query-input":{"@type":"PropertyValueSpecification","valueRequired":true,"valueName":"search_term_string"}}],"inLanguage":"fr-FR"},{"@type":"Organization","@id":"https:\/\/www.epicureans-spirit.com\/#organization","name":"Epicureans Spirit Gin","url":"https:\/\/www.epicureans-spirit.com\/","logo":{"@type":"ImageObject","inLanguage":"fr-FR","@id":"https:\/\/www.epicureans-spirit.com\/#\/schema\/logo\/image\/","url":"https:\/\/www.epicureans-spirit.com\/wp-content\/uploads\/2024\/05\/E-Spirit-navy-cropped.png","contentUrl":"https:\/\/www.epicureans-spirit.com\/wp-content\/uploads\/2024\/05\/E-Spirit-navy-cropped.png","width":1539,"height":1539,"caption":"Epicureans Spirit Gin"},"image":{"@id":"https:\/\/www.epicureans-spirit.com\/#\/schema\/logo\/image\/"},"sameAs":["https:\/\/www.facebook.com\/epicureans.gin","https:\/\/www.instagram.com\/epicureans.gin\/"]}]}},"jetpack_sharing_enabled":true,"_links":{"self":[{"href":"https:\/\/www.epicureans-spirit.com\/fr\/wp-json\/wp\/v2\/pages\/2171","targetHints":{"allow":["GET"]}}],"collection":[{"href":"https:\/\/www.epicureans-spirit.com\/fr\/wp-json\/wp\/v2\/pages"}],"about":[{"href":"https:\/\/www.epicureans-spirit.com\/fr\/wp-json\/wp\/v2\/types\/page"}],"author":[{"embeddable":true,"href":"https:\/\/www.epicureans-spirit.com\/fr\/wp-json\/wp\/v2\/users\/1"}],"replies":[{"embeddable":true,"href":"https:\/\/www.epicureans-spirit.com\/fr\/wp-json\/wp\/v2\/comments?post=2171"}],"version-history":[{"count":3,"href":"https:\/\/www.epicureans-spirit.com\/fr\/wp-json\/wp\/v2\/pages\/2171\/revisions"}],"predecessor-version":[{"id":2224,"href":"https:\/\/www.epicureans-spirit.com\/fr\/wp-json\/wp\/v2\/pages\/2171\/revisions\/2224"}],"wp:attachment":[{"href":"https:\/\/www.epicureans-spirit.com\/fr\/wp-json\/wp\/v2\/media?parent=2171"}],"curies":[{"name":"wp","href":"https:\/\/api.w.org\/{rel}","templated":true}]}}