{"id":3910,"date":"2024-05-24T07:23:49","date_gmt":"2024-05-24T07:23:49","guid":{"rendered":"https:\/\/www.epicureans-spirit.com\/politique-de-cookies\/"},"modified":"2024-05-24T07:33:30","modified_gmt":"2024-05-24T07:33:30","slug":"politique-de-cookies","status":"publish","type":"page","link":"https:\/\/www.epicureans-spirit.com\/fr\/politique-de-cookies\/","title":{"rendered":"Politique de Cookies"},"content":{"rendered":"\t\t<div data-elementor-type=\"wp-page\" data-elementor-id=\"3910\" class=\"elementor elementor-3910 elementor-3905\" data-elementor-post-type=\"page\">\n\t\t\t\t\t\t<section class=\"elementor-section elementor-top-section elementor-element elementor-element-3598192d elementor-section-height-min-height elementor-section-full_width elementor-section-height-default elementor-section-items-middle\" data-id=\"3598192d\" data-element_type=\"section\" data-settings=\"{&quot;background_background&quot;:&quot;classic&quot;}\">\n\t\t\t\t\t\t<div class=\"elementor-container elementor-column-gap-no\">\n\t\t\t\t\t<div class=\"elementor-column elementor-col-100 elementor-top-column elementor-element elementor-element-1bb00b3a\" data-id=\"1bb00b3a\" data-element_type=\"column\">\n\t\t\t<div class=\"elementor-widget-wrap\">\n\t\t\t\t\t\t\t<\/div>\n\t\t<\/div>\n\t\t\t\t\t<\/div>\n\t\t<\/section>\n\t\t\t\t<section class=\"elementor-section elementor-top-section elementor-element elementor-element-60a91cda elementor-section-boxed elementor-section-height-default elementor-section-height-default\" data-id=\"60a91cda\" data-element_type=\"section\">\n\t\t\t\t\t\t<div class=\"elementor-container elementor-column-gap-default\">\n\t\t\t\t\t<div class=\"elementor-column elementor-col-100 elementor-top-column elementor-element elementor-element-17900402\" data-id=\"17900402\" data-element_type=\"column\">\n\t\t\t<div class=\"elementor-widget-wrap elementor-element-populated\">\n\t\t\t\t\t\t<div class=\"elementor-element elementor-element-4476b9c elementor-widget elementor-widget-heading\" data-id=\"4476b9c\" data-element_type=\"widget\" data-widget_type=\"heading.default\">\n\t\t\t\t<div class=\"elementor-widget-container\">\n\t\t\t<style>\/*! elementor - v3.21.0 - 25-04-2024 *\/\n.elementor-heading-title{padding:0;margin:0;line-height:1}.elementor-widget-heading .elementor-heading-title[class*=elementor-size-]>a{color:inherit;font-size:inherit;line-height:inherit}.elementor-widget-heading .elementor-heading-title.elementor-size-small{font-size:15px}.elementor-widget-heading .elementor-heading-title.elementor-size-medium{font-size:19px}.elementor-widget-heading .elementor-heading-title.elementor-size-large{font-size:29px}.elementor-widget-heading .elementor-heading-title.elementor-size-xl{font-size:39px}.elementor-widget-heading .elementor-heading-title.elementor-size-xxl{font-size:59px}<\/style><h1 class=\"elementor-heading-title elementor-size-default\">Politique de Cookies<\/h1>\t\t<\/div>\n\t\t\t\t<\/div>\n\t\t\t\t\t<\/div>\n\t\t<\/div>\n\t\t\t\t\t<\/div>\n\t\t<\/section>\n\t\t<div class=\"elementor-element elementor-element-1633000 e-flex e-con-boxed e-con e-parent\" data-id=\"1633000\" data-element_type=\"container\">\n\t\t\t\t\t<div class=\"e-con-inner\">\n\t\t\t\t<div class=\"elementor-element elementor-element-7a50992 elementor-widget elementor-widget-spacer\" data-id=\"7a50992\" data-element_type=\"widget\" data-widget_type=\"spacer.default\">\n\t\t\t\t<div class=\"elementor-widget-container\">\n\t\t\t<style>\/*! elementor - v3.21.0 - 25-04-2024 *\/\n.elementor-column .elementor-spacer-inner{height:var(--spacer-size)}.e-con{--container-widget-width:100%}.e-con-inner>.elementor-widget-spacer,.e-con>.elementor-widget-spacer{width:var(--container-widget-width,var(--spacer-size));--align-self:var(--container-widget-align-self,initial);--flex-shrink:0}.e-con-inner>.elementor-widget-spacer>.elementor-widget-container,.e-con>.elementor-widget-spacer>.elementor-widget-container{height:100%;width:100%}.e-con-inner>.elementor-widget-spacer>.elementor-widget-container>.elementor-spacer,.e-con>.elementor-widget-spacer>.elementor-widget-container>.elementor-spacer{height:100%}.e-con-inner>.elementor-widget-spacer>.elementor-widget-container>.elementor-spacer>.elementor-spacer-inner,.e-con>.elementor-widget-spacer>.elementor-widget-container>.elementor-spacer>.elementor-spacer-inner{height:var(--container-widget-height,var(--spacer-size))}.e-con-inner>.elementor-widget-spacer.elementor-widget-empty,.e-con>.elementor-widget-spacer.elementor-widget-empty{position:relative;min-height:22px;min-width:22px}.e-con-inner>.elementor-widget-spacer.elementor-widget-empty .elementor-widget-empty-icon,.e-con>.elementor-widget-spacer.elementor-widget-empty .elementor-widget-empty-icon{position:absolute;top:0;bottom:0;left:0;right:0;margin:auto;padding:0;width:22px;height:22px}<\/style>\t\t<div class=\"elementor-spacer\">\n\t\t\t<div class=\"elementor-spacer-inner\"><\/div>\n\t\t<\/div>\n\t\t\t\t<\/div>\n\t\t\t\t<\/div>\n\t\t\t\t\t<\/div>\n\t\t\t\t<\/div>\n\t\t<div class=\"elementor-element elementor-element-4414691d e-flex e-con-boxed e-con e-parent\" data-id=\"4414691d\" data-element_type=\"container\">\n\t\t\t\t\t<div class=\"e-con-inner\">\n\t\t\t\t<div class=\"elementor-element elementor-element-a17705b elementor-widget elementor-widget-text-editor\" data-id=\"a17705b\" data-element_type=\"widget\" data-widget_type=\"text-editor.default\">\n\t\t\t\t<div class=\"elementor-widget-container\">\n\t\t\t<style>\/*! elementor - v3.21.0 - 25-04-2024 *\/\n.elementor-widget-text-editor.elementor-drop-cap-view-stacked .elementor-drop-cap{background-color:#69727d;color:#fff}.elementor-widget-text-editor.elementor-drop-cap-view-framed .elementor-drop-cap{color:#69727d;border:3px solid;background-color:transparent}.elementor-widget-text-editor:not(.elementor-drop-cap-view-default) .elementor-drop-cap{margin-top:8px}.elementor-widget-text-editor:not(.elementor-drop-cap-view-default) .elementor-drop-cap-letter{width:1em;height:1em}.elementor-widget-text-editor .elementor-drop-cap{float:left;text-align:center;line-height:1;font-size:50px}.elementor-widget-text-editor .elementor-drop-cap-letter{display:inline-block}<\/style>\t\t\t\t<p>Chez Epicureans Spirit, nous valorisons votre vie priv\u00e9e et nous nous effor\u00e7ons d&#8217;\u00eatre transparents quant \u00e0 l&#8217;utilisation des cookies. Cette politique explique ce que sont les cookies, comment nous les utilisons, et vos choix concernant leur utilisation.<\/p>\n\t\t\t\t\t\t<\/div>\n\t\t\t\t<\/div>\n\t\t\t\t\t<\/div>\n\t\t\t\t<\/div>\n\t\t<div class=\"elementor-element elementor-element-d7814fb e-flex e-con-boxed e-con e-parent\" data-id=\"d7814fb\" data-element_type=\"container\">\n\t\t\t\t\t<div class=\"e-con-inner\">\n\t\t\t\t<div class=\"elementor-element elementor-element-bc117f0 elementor-widget elementor-widget-heading\" data-id=\"bc117f0\" data-element_type=\"widget\" data-widget_type=\"heading.default\">\n\t\t\t\t<div class=\"elementor-widget-container\">\n\t\t\t<h2 class=\"elementor-heading-title elementor-size-default\">Que sont les cookies ?<\/h2>\t\t<\/div>\n\t\t\t\t<\/div>\n\t\t\t\t\t<\/div>\n\t\t\t\t<\/div>\n\t\t<div class=\"elementor-element elementor-element-f7bc0f0 e-flex e-con-boxed e-con e-parent\" data-id=\"f7bc0f0\" data-element_type=\"container\">\n\t\t\t\t\t<div class=\"e-con-inner\">\n\t\t\t\t<div class=\"elementor-element elementor-element-797d187 elementor-widget elementor-widget-text-editor\" data-id=\"797d187\" data-element_type=\"widget\" data-widget_type=\"text-editor.default\">\n\t\t\t\t<div class=\"elementor-widget-container\">\n\t\t\t\t\t\t\t<p>Les cookies sont de petits fichiers texte stock\u00e9s sur votre appareil lorsque vous visitez un site web. Ils nous aident \u00e0 am\u00e9liorer votre exp\u00e9rience en m\u00e9morisant vos pr\u00e9f\u00e9rences et en permettant des fonctionnalit\u00e9s essentielles du site.<\/p>\n\t\t\t\t\t\t<\/div>\n\t\t\t\t<\/div>\n\t\t\t\t\t<\/div>\n\t\t\t\t<\/div>\n\t\t<div class=\"elementor-element elementor-element-70ba56f e-flex e-con-boxed e-con e-parent\" data-id=\"70ba56f\" data-element_type=\"container\">\n\t\t\t\t\t<div class=\"e-con-inner\">\n\t\t\t\t<div class=\"elementor-element elementor-element-086d0b7 elementor-widget elementor-widget-heading\" data-id=\"086d0b7\" data-element_type=\"widget\" data-widget_type=\"heading.default\">\n\t\t\t\t<div class=\"elementor-widget-container\">\n\t\t\t<h2 class=\"elementor-heading-title elementor-size-default\">Types de cookies que nous utilisons<\/h2>\t\t<\/div>\n\t\t\t\t<\/div>\n\t\t\t\t\t<\/div>\n\t\t\t\t<\/div>\n\t\t<div class=\"elementor-element elementor-element-4b129e46 e-flex e-con-boxed e-con e-parent\" data-id=\"4b129e46\" data-element_type=\"container\">\n\t\t\t\t\t<div class=\"e-con-inner\">\n\t\t\t\t<div class=\"elementor-element elementor-element-4189e87f elementor-widget elementor-widget-text-editor\" data-id=\"4189e87f\" data-element_type=\"widget\" data-widget_type=\"text-editor.default\">\n\t\t\t\t<div class=\"elementor-widget-container\">\n\t\t\t\t\t\t\t<ol>\n<li>Cookies essentiels : N\u00e9cessaires au bon fonctionnement du site web. Ces cookies ne collectent pas de donn\u00e9es personnelles et ne peuvent pas \u00eatre d\u00e9sactiv\u00e9s.<\/li>\n<li>Cookies de performance : Ils recueillent des informations sur la mani\u00e8re dont vous utilisez notre site web, ce qui nous aide \u00e0 am\u00e9liorer la fonctionnalit\u00e9 et l&#8217;exp\u00e9rience utilisateur. Des exemples incluent les cookies de Google Analytics.<\/li>\n<li>Cookies fonctionnels : Permettent au site web de se souvenir de vos choix, comme les pr\u00e9f\u00e9rences de langue et les d\u00e9tails de connexion, pour offrir une exp\u00e9rience personnalis\u00e9e.<\/li>\n<li>Cookies marketing : Suivent votre activit\u00e9 de navigation pour diffuser de la publicit\u00e9 cibl\u00e9e. Ces cookies peuvent partager ces informations avec des tiers.<\/li>\n<\/ol>\n\t\t\t\t\t\t<\/div>\n\t\t\t\t<\/div>\n\t\t\t\t\t<\/div>\n\t\t\t\t<\/div>\n\t\t<div class=\"elementor-element elementor-element-c28ed02 e-flex e-con-boxed e-con e-parent\" data-id=\"c28ed02\" data-element_type=\"container\">\n\t\t\t\t\t<div class=\"e-con-inner\">\n\t\t\t\t<div class=\"elementor-element elementor-element-1c30f64 elementor-widget elementor-widget-heading\" data-id=\"1c30f64\" data-element_type=\"widget\" data-widget_type=\"heading.default\">\n\t\t\t\t<div class=\"elementor-widget-container\">\n\t\t\t<h2 class=\"elementor-heading-title elementor-size-default\">Cookies de tiers<\/h2>\t\t<\/div>\n\t\t\t\t<\/div>\n\t\t\t\t\t<\/div>\n\t\t\t\t<\/div>\n\t\t<div class=\"elementor-element elementor-element-13359fc6 e-flex e-con-boxed e-con e-parent\" data-id=\"13359fc6\" data-element_type=\"container\">\n\t\t\t\t\t<div class=\"e-con-inner\">\n\t\t\t\t<div class=\"elementor-element elementor-element-6cef4cce elementor-widget elementor-widget-text-editor\" data-id=\"6cef4cce\" data-element_type=\"widget\" data-widget_type=\"text-editor.default\">\n\t\t\t\t<div class=\"elementor-widget-container\">\n\t\t\t\t\t\t\t<p>Nous utilisons des services tiers tels que Google Analytics et Facebook Pixel. Ces services peuvent placer des cookies sur votre appareil pour nous aider \u00e0 comprendre comment vous utilisez notre site et \u00e0 mesurer l&#8217;efficacit\u00e9 de nos campagnes marketing.<\/p>\n\t\t\t\t\t\t<\/div>\n\t\t\t\t<\/div>\n\t\t\t\t\t<\/div>\n\t\t\t\t<\/div>\n\t\t<div class=\"elementor-element elementor-element-e581eb2 e-flex e-con-boxed e-con e-parent\" data-id=\"e581eb2\" data-element_type=\"container\">\n\t\t\t\t\t<div class=\"e-con-inner\">\n\t\t\t\t<div class=\"elementor-element elementor-element-2f2cbe4 elementor-widget elementor-widget-heading\" data-id=\"2f2cbe4\" data-element_type=\"widget\" data-widget_type=\"heading.default\">\n\t\t\t\t<div class=\"elementor-widget-container\">\n\t\t\t<h2 class=\"elementor-heading-title elementor-size-default\">Vos choix<\/h2>\t\t<\/div>\n\t\t\t\t<\/div>\n\t\t\t\t\t<\/div>\n\t\t\t\t<\/div>\n\t\t<div class=\"elementor-element elementor-element-9a3774a e-flex e-con-boxed e-con e-parent\" data-id=\"9a3774a\" data-element_type=\"container\">\n\t\t\t\t\t<div class=\"e-con-inner\">\n\t\t\t\t<div class=\"elementor-element elementor-element-e639b49 elementor-widget elementor-widget-text-editor\" data-id=\"e639b49\" data-element_type=\"widget\" data-widget_type=\"text-editor.default\">\n\t\t\t\t<div class=\"elementor-widget-container\">\n\t\t\t\t\t\t\t<p>Vous pouvez g\u00e9rer vos pr\u00e9f\u00e9rences en mati\u00e8re de cookies via les param\u00e8tres de votre navigateur. La plupart des navigateurs vous permettent de bloquer ou de supprimer les cookies, mais cela peut affecter votre exp\u00e9rience sur notre site web.<\/p>\n\t\t\t\t\t\t<\/div>\n\t\t\t\t<\/div>\n\t\t\t\t\t<\/div>\n\t\t\t\t<\/div>\n\t\t<div class=\"elementor-element elementor-element-bc8de06 e-flex e-con-boxed e-con e-parent\" data-id=\"bc8de06\" data-element_type=\"container\">\n\t\t\t\t\t<div class=\"e-con-inner\">\n\t\t\t\t<div class=\"elementor-element elementor-element-457f0d4 elementor-widget elementor-widget-heading\" data-id=\"457f0d4\" data-element_type=\"widget\" data-widget_type=\"heading.default\">\n\t\t\t\t<div class=\"elementor-widget-container\">\n\t\t\t<h2 class=\"elementor-heading-title elementor-size-default\">Modifications de cette politique<\/h2>\t\t<\/div>\n\t\t\t\t<\/div>\n\t\t\t\t\t<\/div>\n\t\t\t\t<\/div>\n\t\t<div class=\"elementor-element elementor-element-5a15bab e-flex e-con-boxed e-con e-parent\" data-id=\"5a15bab\" data-element_type=\"container\">\n\t\t\t\t\t<div class=\"e-con-inner\">\n\t\t\t\t<div class=\"elementor-element elementor-element-171a4b9 elementor-widget elementor-widget-text-editor\" data-id=\"171a4b9\" data-element_type=\"widget\" data-widget_type=\"text-editor.default\">\n\t\t\t\t<div class=\"elementor-widget-container\">\n\t\t\t\t\t\t\t<p>Nous pouvons mettre \u00e0 jour notre politique de cookies de temps \u00e0 autre. Tout changement sera publi\u00e9 sur cette page, et votre utilisation continue de notre site constitue l&#8217;acceptation de ces changements.<\/p>\n\t\t\t\t\t\t<\/div>\n\t\t\t\t<\/div>\n\t\t\t\t\t<\/div>\n\t\t\t\t<\/div>\n\t\t<div class=\"elementor-element elementor-element-a4a3438 e-flex e-con-boxed e-con e-parent\" data-id=\"a4a3438\" data-element_type=\"container\">\n\t\t\t\t\t<div class=\"e-con-inner\">\n\t\t\t\t<div class=\"elementor-element elementor-element-5f41d0f elementor-widget elementor-widget-text-editor\" data-id=\"5f41d0f\" data-element_type=\"widget\" data-widget_type=\"text-editor.default\">\n\t\t\t\t<div class=\"elementor-widget-container\">\n\t\t\t\t\t\t\t<p>Si vous avez des questions concernant notre politique en mati\u00e8re de cookies, veuillez nous contacter \u00e0 l&#8217;adresse suivante <a target=\"_new\" rel=\"noreferrer\">: contact@epicureans-spirit.com<\/a>.<\/p>\n<p>Pour de plus amples informations, veuillez consulter notre <a href=\"https:\/\/www.epicureans-spirit.com\/fr\/politique-de-confidentialite\/\" target=\"_new\" rel=\"noreferrer\">politique de confidentialit\u00e9<\/a>.<\/p>\n\t\t\t\t\t\t<\/div>\n\t\t\t\t<\/div>\n\t\t\t\t\t<\/div>\n\t\t\t\t<\/div>\n\t\t\t\t<\/div>\n\t\t","protected":false},"excerpt":{"rendered":"","protected":false},"author":2,"featured_media":0,"parent":0,"menu_order":0,"comment_status":"closed","ping_status":"open","template":"","meta":{"footnotes":""},"class_list":["post-3910","page","type-page","status-publish","hentry"],"yoast_head":"<!-- This site is optimized with the Yoast SEO plugin v26.9 - https:\/\/yoast.com\/product\/yoast-seo-wordpress\/ -->\n<title>Politique de Cookies - Epicureans Spirit Gin<\/title>\n<meta name=\"robots\" content=\"index, follow, max-snippet:-1, max-image-preview:large, max-video-preview:-1\" \/>\n<link rel=\"canonical\" href=\"https:\/\/www.epicureans-spirit.com\/fr\/politique-de-cookies\/\" \/>\n<meta property=\"og:locale\" content=\"fr_FR\" \/>\n<meta property=\"og:type\" content=\"article\" \/>\n<meta property=\"og:title\" content=\"Politique de Cookies - Epicureans Spirit Gin\" \/>\n<meta property=\"og:url\" content=\"https:\/\/www.epicureans-spirit.com\/fr\/politique-de-cookies\/\" \/>\n<meta property=\"og:site_name\" content=\"Epicureans Spirit Gin\" \/>\n<meta property=\"article:publisher\" content=\"https:\/\/www.facebook.com\/epicureans.gin\" \/>\n<meta property=\"article:modified_time\" content=\"2024-05-24T07:33:30+00:00\" \/>\n<meta name=\"twitter:card\" content=\"summary_large_image\" \/>\n<script type=\"application\/ld+json\" class=\"yoast-schema-graph\">{\"@context\":\"https:\/\/schema.org\",\"@graph\":[{\"@type\":\"WebPage\",\"@id\":\"https:\/\/www.epicureans-spirit.com\/fr\/politique-de-cookies\/\",\"url\":\"https:\/\/www.epicureans-spirit.com\/fr\/politique-de-cookies\/\",\"name\":\"Politique de Cookies - Epicureans Spirit Gin\",\"isPartOf\":{\"@id\":\"https:\/\/www.epicureans-spirit.com\/#website\"},\"datePublished\":\"2024-05-24T07:23:49+00:00\",\"dateModified\":\"2024-05-24T07:33:30+00:00\",\"breadcrumb\":{\"@id\":\"https:\/\/www.epicureans-spirit.com\/fr\/politique-de-cookies\/#breadcrumb\"},\"inLanguage\":\"fr-FR\",\"potentialAction\":[{\"@type\":\"ReadAction\",\"target\":[\"https:\/\/www.epicureans-spirit.com\/fr\/politique-de-cookies\/\"]}]},{\"@type\":\"BreadcrumbList\",\"@id\":\"https:\/\/www.epicureans-spirit.com\/fr\/politique-de-cookies\/#breadcrumb\",\"itemListElement\":[{\"@type\":\"ListItem\",\"position\":1,\"name\":\"Home\",\"item\":\"https:\/\/www.epicureans-spirit.com\/fr\/accueil\/\"},{\"@type\":\"ListItem\",\"position\":2,\"name\":\"Politique de Cookies\"}]},{\"@type\":\"WebSite\",\"@id\":\"https:\/\/www.epicureans-spirit.com\/#website\",\"url\":\"https:\/\/www.epicureans-spirit.com\/\",\"name\":\"Epicureans Spirit Gin\",\"description\":\"Gin Gastronomique Fran\u00e7ais\",\"publisher\":{\"@id\":\"https:\/\/www.epicureans-spirit.com\/#organization\"},\"potentialAction\":[{\"@type\":\"SearchAction\",\"target\":{\"@type\":\"EntryPoint\",\"urlTemplate\":\"https:\/\/www.epicureans-spirit.com\/?s={search_term_string}\"},\"query-input\":{\"@type\":\"PropertyValueSpecification\",\"valueRequired\":true,\"valueName\":\"search_term_string\"}}],\"inLanguage\":\"fr-FR\"},{\"@type\":\"Organization\",\"@id\":\"https:\/\/www.epicureans-spirit.com\/#organization\",\"name\":\"Epicureans Spirit Gin\",\"url\":\"https:\/\/www.epicureans-spirit.com\/\",\"logo\":{\"@type\":\"ImageObject\",\"inLanguage\":\"fr-FR\",\"@id\":\"https:\/\/www.epicureans-spirit.com\/#\/schema\/logo\/image\/\",\"url\":\"https:\/\/www.epicureans-spirit.com\/wp-content\/uploads\/2024\/05\/E-Spirit-navy-cropped.png\",\"contentUrl\":\"https:\/\/www.epicureans-spirit.com\/wp-content\/uploads\/2024\/05\/E-Spirit-navy-cropped.png\",\"width\":1539,\"height\":1539,\"caption\":\"Epicureans Spirit Gin\"},\"image\":{\"@id\":\"https:\/\/www.epicureans-spirit.com\/#\/schema\/logo\/image\/\"},\"sameAs\":[\"https:\/\/www.facebook.com\/epicureans.gin\",\"https:\/\/www.instagram.com\/epicureans.gin\/\"]}]}<\/script>\n<!-- \/ Yoast SEO plugin. -->","yoast_head_json":{"title":"Politique de Cookies - Epicureans Spirit Gin","robots":{"index":"index","follow":"follow","max-snippet":"max-snippet:-1","max-image-preview":"max-image-preview:large","max-video-preview":"max-video-preview:-1"},"canonical":"https:\/\/www.epicureans-spirit.com\/fr\/politique-de-cookies\/","og_locale":"fr_FR","og_type":"article","og_title":"Politique de Cookies - Epicureans Spirit Gin","og_url":"https:\/\/www.epicureans-spirit.com\/fr\/politique-de-cookies\/","og_site_name":"Epicureans Spirit Gin","article_publisher":"https:\/\/www.facebook.com\/epicureans.gin","article_modified_time":"2024-05-24T07:33:30+00:00","twitter_card":"summary_large_image","schema":{"@context":"https:\/\/schema.org","@graph":[{"@type":"WebPage","@id":"https:\/\/www.epicureans-spirit.com\/fr\/politique-de-cookies\/","url":"https:\/\/www.epicureans-spirit.com\/fr\/politique-de-cookies\/","name":"Politique de Cookies - Epicureans Spirit Gin","isPartOf":{"@id":"https:\/\/www.epicureans-spirit.com\/#website"},"datePublished":"2024-05-24T07:23:49+00:00","dateModified":"2024-05-24T07:33:30+00:00","breadcrumb":{"@id":"https:\/\/www.epicureans-spirit.com\/fr\/politique-de-cookies\/#breadcrumb"},"inLanguage":"fr-FR","potentialAction":[{"@type":"ReadAction","target":["https:\/\/www.epicureans-spirit.com\/fr\/politique-de-cookies\/"]}]},{"@type":"BreadcrumbList","@id":"https:\/\/www.epicureans-spirit.com\/fr\/politique-de-cookies\/#breadcrumb","itemListElement":[{"@type":"ListItem","position":1,"name":"Home","item":"https:\/\/www.epicureans-spirit.com\/fr\/accueil\/"},{"@type":"ListItem","position":2,"name":"Politique de Cookies"}]},{"@type":"WebSite","@id":"https:\/\/www.epicureans-spirit.com\/#website","url":"https:\/\/www.epicureans-spirit.com\/","name":"Epicureans Spirit Gin","description":"Gin Gastronomique Fran\u00e7ais","publisher":{"@id":"https:\/\/www.epicureans-spirit.com\/#organization"},"potentialAction":[{"@type":"SearchAction","target":{"@type":"EntryPoint","urlTemplate":"https:\/\/www.epicureans-spirit.com\/?s={search_term_string}"},"query-input":{"@type":"PropertyValueSpecification","valueRequired":true,"valueName":"search_term_string"}}],"inLanguage":"fr-FR"},{"@type":"Organization","@id":"https:\/\/www.epicureans-spirit.com\/#organization","name":"Epicureans Spirit Gin","url":"https:\/\/www.epicureans-spirit.com\/","logo":{"@type":"ImageObject","inLanguage":"fr-FR","@id":"https:\/\/www.epicureans-spirit.com\/#\/schema\/logo\/image\/","url":"https:\/\/www.epicureans-spirit.com\/wp-content\/uploads\/2024\/05\/E-Spirit-navy-cropped.png","contentUrl":"https:\/\/www.epicureans-spirit.com\/wp-content\/uploads\/2024\/05\/E-Spirit-navy-cropped.png","width":1539,"height":1539,"caption":"Epicureans Spirit Gin"},"image":{"@id":"https:\/\/www.epicureans-spirit.com\/#\/schema\/logo\/image\/"},"sameAs":["https:\/\/www.facebook.com\/epicureans.gin","https:\/\/www.instagram.com\/epicureans.gin\/"]}]}},"jetpack_sharing_enabled":true,"_links":{"self":[{"href":"https:\/\/www.epicureans-spirit.com\/fr\/wp-json\/wp\/v2\/pages\/3910","targetHints":{"allow":["GET"]}}],"collection":[{"href":"https:\/\/www.epicureans-spirit.com\/fr\/wp-json\/wp\/v2\/pages"}],"about":[{"href":"https:\/\/www.epicureans-spirit.com\/fr\/wp-json\/wp\/v2\/types\/page"}],"author":[{"embeddable":true,"href":"https:\/\/www.epicureans-spirit.com\/fr\/wp-json\/wp\/v2\/users\/2"}],"replies":[{"embeddable":true,"href":"https:\/\/www.epicureans-spirit.com\/fr\/wp-json\/wp\/v2\/comments?post=3910"}],"version-history":[{"count":2,"href":"https:\/\/www.epicureans-spirit.com\/fr\/wp-json\/wp\/v2\/pages\/3910\/revisions"}],"predecessor-version":[{"id":3912,"href":"https:\/\/www.epicureans-spirit.com\/fr\/wp-json\/wp\/v2\/pages\/3910\/revisions\/3912"}],"wp:attachment":[{"href":"https:\/\/www.epicureans-spirit.com\/fr\/wp-json\/wp\/v2\/media?parent=3910"}],"curies":[{"name":"wp","href":"https:\/\/api.w.org\/{rel}","templated":true}]}}