{"id":1723,"date":"2024-03-20T05:27:45","date_gmt":"2024-03-20T05:27:45","guid":{"rendered":"http:\/\/82.77.120.210\/8.1\/sites\/epicureans-spirit-gin\/product\/gin-gastronomic-francais\/"},"modified":"2026-02-03T11:19:27","modified_gmt":"2026-02-03T11:19:27","slug":"gin-gastronomique-francais","status":"publish","type":"product","link":"https:\/\/www.epicureans-spirit.com\/fr\/produit\/gin-gastronomique-francais\/","title":{"rendered":"Le gin gastronomique fran\u00e7ais"},"content":{"rendered":"","protected":false},"excerpt":{"rendered":"<p><span style=\"color: #ffffff;\"><strong>ALCOOL<\/strong><\/span><br \/>\n<span style=\"color: #ffffff;\"><strong>40%<\/strong><\/span><br \/>\n<span style=\"color: #ffffff;\"><strong>700ml<\/strong><\/span><\/p>\n<p><span style=\"color: #ffffff;\">Notre gin gastronomique est une c\u00e9l\u00e9bration des meilleurs ingr\u00e9dients du terroir fran\u00e7ais, m\u00e9ticuleusement \u00e9labor\u00e9 pour mettre en valeur les saveurs de la France : les citrons zest\u00e9s de Menton, les cassis d\u00e9licieux de Bourgogne et la verveine aromatique du Velay.<\/span><\/p>\n<p><span style=\"color: #ffffff;\">La base onctueuse d&#8217;alcool de raisin le rend suffisamment polyvalent pour \u00eatre d\u00e9gust\u00e9 pur, mettant en valeur ses saveurs riches et naturelles, ou m\u00e9lang\u00e9 avec du tonique pour une exp\u00e9rience rafra\u00eechissante et effervescente.<\/span><\/p>\n<p><span style=\"color: #ffffff;\">Comme un plat gastronomique, chaque ingr\u00e9dient est distill\u00e9 individuellement, puis harmonieusement m\u00e9lang\u00e9 pour cr\u00e9er un gin extraordinaire.<\/span><\/p>\n","protected":false},"featured_media":5215,"comment_status":"open","ping_status":"closed","template":"","meta":[],"product_cat":[70],"product_tag":[60,59,58],"class_list":{"0":"post-1723","1":"product","2":"type-product","3":"status-publish","4":"has-post-thumbnail","6":"product_cat-gin-fr","7":"product_tag-epicurien","8":"product_tag-france-fr","9":"product_tag-gin-fr","11":"first","12":"instock","13":"taxable","14":"shipping-taxable","15":"purchasable","16":"product-type-simple"},"yoast_head":"<!-- This site is optimized with the Yoast SEO plugin v26.9 - https:\/\/yoast.com\/product\/yoast-seo-wordpress\/ -->\n<title>Le gin gastronomique fran\u00e7ais - Epicureans Spirit Gin<\/title>\n<meta name=\"robots\" content=\"index, follow, max-snippet:-1, max-image-preview:large, max-video-preview:-1\" \/>\n<link rel=\"canonical\" href=\"https:\/\/www.epicureans-spirit.com\/fr\/produit\/gin-gastronomique-francais\/\" \/>\n<meta property=\"og:locale\" content=\"fr_FR\" \/>\n<meta property=\"og:type\" content=\"article\" \/>\n<meta property=\"og:title\" content=\"Le gin gastronomique fran\u00e7ais - Epicureans Spirit Gin\" \/>\n<meta property=\"og:description\" content=\"ALCOOL 40% 700ml Notre gin gastronomique est une c\u00e9l\u00e9bration des meilleurs ingr\u00e9dients du terroir fran\u00e7ais, m\u00e9ticuleusement \u00e9labor\u00e9 pour mettre en valeur les saveurs de la France : les citrons zest\u00e9s de Menton, les cassis d\u00e9licieux de Bourgogne et la verveine aromatique du Velay. La base onctueuse d&#039;alcool de raisin le rend suffisamment polyvalent pour \u00eatre d\u00e9gust\u00e9 pur, mettant en valeur ses saveurs riches et naturelles, ou m\u00e9lang\u00e9 avec du tonique pour une exp\u00e9rience rafra\u00eechissante et effervescente. Comme un plat gastronomique, chaque ingr\u00e9dient est distill\u00e9 individuellement, puis harmonieusement m\u00e9lang\u00e9 pour cr\u00e9er un gin extraordinaire.\" \/>\n<meta property=\"og:url\" content=\"https:\/\/www.epicureans-spirit.com\/fr\/produit\/gin-gastronomique-francais\/\" \/>\n<meta property=\"og:site_name\" content=\"Epicureans Spirit Gin\" \/>\n<meta property=\"article:publisher\" content=\"https:\/\/www.facebook.com\/epicureans.gin\" \/>\n<meta property=\"article:modified_time\" content=\"2026-02-03T11:19:27+00:00\" \/>\n<meta property=\"og:image\" content=\"https:\/\/www.epicureans-spirit.com\/wp-content\/uploads\/2024\/03\/Epicureans-Gin-bouteille-2025-e1770050602325.png\" \/>\n\t<meta property=\"og:image:width\" content=\"1620\" \/>\n\t<meta property=\"og:image:height\" content=\"1734\" \/>\n\t<meta property=\"og:image:type\" content=\"image\/png\" \/>\n<meta name=\"twitter:card\" content=\"summary_large_image\" \/>\n<meta name=\"twitter:label1\" content=\"Dur\u00e9e de lecture estim\u00e9e\" \/>\n\t<meta name=\"twitter:data1\" content=\"1 minute\" \/>\n<script type=\"application\/ld+json\" class=\"yoast-schema-graph\">{\"@context\":\"https:\/\/schema.org\",\"@graph\":[{\"@type\":\"WebPage\",\"@id\":\"https:\/\/www.epicureans-spirit.com\/fr\/produit\/gin-gastronomique-francais\/\",\"url\":\"https:\/\/www.epicureans-spirit.com\/fr\/produit\/gin-gastronomique-francais\/\",\"name\":\"Le gin gastronomique fran\u00e7ais - Epicureans Spirit Gin\",\"isPartOf\":{\"@id\":\"https:\/\/www.epicureans-spirit.com\/#website\"},\"primaryImageOfPage\":{\"@id\":\"https:\/\/www.epicureans-spirit.com\/fr\/produit\/gin-gastronomique-francais\/#primaryimage\"},\"image\":{\"@id\":\"https:\/\/www.epicureans-spirit.com\/fr\/produit\/gin-gastronomique-francais\/#primaryimage\"},\"thumbnailUrl\":\"https:\/\/www.epicureans-spirit.com\/wp-content\/uploads\/2024\/03\/Epicureans-Gin-bouteille-2025-e1770050602325.png\",\"datePublished\":\"2024-03-20T05:27:45+00:00\",\"dateModified\":\"2026-02-03T11:19:27+00:00\",\"breadcrumb\":{\"@id\":\"https:\/\/www.epicureans-spirit.com\/fr\/produit\/gin-gastronomique-francais\/#breadcrumb\"},\"inLanguage\":\"fr-FR\",\"potentialAction\":[{\"@type\":\"ReadAction\",\"target\":[\"https:\/\/www.epicureans-spirit.com\/fr\/produit\/gin-gastronomique-francais\/\"]}]},{\"@type\":\"ImageObject\",\"inLanguage\":\"fr-FR\",\"@id\":\"https:\/\/www.epicureans-spirit.com\/fr\/produit\/gin-gastronomique-francais\/#primaryimage\",\"url\":\"https:\/\/www.epicureans-spirit.com\/wp-content\/uploads\/2024\/03\/Epicureans-Gin-bouteille-2025-e1770050602325.png\",\"contentUrl\":\"https:\/\/www.epicureans-spirit.com\/wp-content\/uploads\/2024\/03\/Epicureans-Gin-bouteille-2025-e1770050602325.png\",\"width\":1620,\"height\":1734},{\"@type\":\"BreadcrumbList\",\"@id\":\"https:\/\/www.epicureans-spirit.com\/fr\/produit\/gin-gastronomique-francais\/#breadcrumb\",\"itemListElement\":[{\"@type\":\"ListItem\",\"position\":1,\"name\":\"Home\",\"item\":\"https:\/\/www.epicureans-spirit.com\/fr\/accueil\/\"},{\"@type\":\"ListItem\",\"position\":2,\"name\":\"Shop\",\"item\":\"https:\/\/www.epicureans-spirit.com\/shop\/\"},{\"@type\":\"ListItem\",\"position\":3,\"name\":\"Le gin gastronomique fran\u00e7ais\"}]},{\"@type\":\"WebSite\",\"@id\":\"https:\/\/www.epicureans-spirit.com\/#website\",\"url\":\"https:\/\/www.epicureans-spirit.com\/\",\"name\":\"Epicureans Spirit Gin\",\"description\":\"Gin Gastronomique Fran\u00e7ais\",\"publisher\":{\"@id\":\"https:\/\/www.epicureans-spirit.com\/#organization\"},\"potentialAction\":[{\"@type\":\"SearchAction\",\"target\":{\"@type\":\"EntryPoint\",\"urlTemplate\":\"https:\/\/www.epicureans-spirit.com\/?s={search_term_string}\"},\"query-input\":{\"@type\":\"PropertyValueSpecification\",\"valueRequired\":true,\"valueName\":\"search_term_string\"}}],\"inLanguage\":\"fr-FR\"},{\"@type\":\"Organization\",\"@id\":\"https:\/\/www.epicureans-spirit.com\/#organization\",\"name\":\"Epicureans Spirit Gin\",\"url\":\"https:\/\/www.epicureans-spirit.com\/\",\"logo\":{\"@type\":\"ImageObject\",\"inLanguage\":\"fr-FR\",\"@id\":\"https:\/\/www.epicureans-spirit.com\/#\/schema\/logo\/image\/\",\"url\":\"https:\/\/www.epicureans-spirit.com\/wp-content\/uploads\/2024\/05\/E-Spirit-navy-cropped.png\",\"contentUrl\":\"https:\/\/www.epicureans-spirit.com\/wp-content\/uploads\/2024\/05\/E-Spirit-navy-cropped.png\",\"width\":1539,\"height\":1539,\"caption\":\"Epicureans Spirit Gin\"},\"image\":{\"@id\":\"https:\/\/www.epicureans-spirit.com\/#\/schema\/logo\/image\/\"},\"sameAs\":[\"https:\/\/www.facebook.com\/epicureans.gin\",\"https:\/\/www.instagram.com\/epicureans.gin\/\"]}]}<\/script>\n<!-- \/ Yoast SEO plugin. -->","yoast_head_json":{"title":"Le gin gastronomique fran\u00e7ais - Epicureans Spirit Gin","robots":{"index":"index","follow":"follow","max-snippet":"max-snippet:-1","max-image-preview":"max-image-preview:large","max-video-preview":"max-video-preview:-1"},"canonical":"https:\/\/www.epicureans-spirit.com\/fr\/produit\/gin-gastronomique-francais\/","og_locale":"fr_FR","og_type":"article","og_title":"Le gin gastronomique fran\u00e7ais - Epicureans Spirit Gin","og_description":"ALCOOL 40% 700ml Notre gin gastronomique est une c\u00e9l\u00e9bration des meilleurs ingr\u00e9dients du terroir fran\u00e7ais, m\u00e9ticuleusement \u00e9labor\u00e9 pour mettre en valeur les saveurs de la France : les citrons zest\u00e9s de Menton, les cassis d\u00e9licieux de Bourgogne et la verveine aromatique du Velay. La base onctueuse d'alcool de raisin le rend suffisamment polyvalent pour \u00eatre d\u00e9gust\u00e9 pur, mettant en valeur ses saveurs riches et naturelles, ou m\u00e9lang\u00e9 avec du tonique pour une exp\u00e9rience rafra\u00eechissante et effervescente. Comme un plat gastronomique, chaque ingr\u00e9dient est distill\u00e9 individuellement, puis harmonieusement m\u00e9lang\u00e9 pour cr\u00e9er un gin extraordinaire.","og_url":"https:\/\/www.epicureans-spirit.com\/fr\/produit\/gin-gastronomique-francais\/","og_site_name":"Epicureans Spirit Gin","article_publisher":"https:\/\/www.facebook.com\/epicureans.gin","article_modified_time":"2026-02-03T11:19:27+00:00","og_image":[{"width":1620,"height":1734,"url":"https:\/\/www.epicureans-spirit.com\/wp-content\/uploads\/2024\/03\/Epicureans-Gin-bouteille-2025-e1770050602325.png","type":"image\/png"}],"twitter_card":"summary_large_image","twitter_misc":{"Dur\u00e9e de lecture estim\u00e9e":"1 minute"},"schema":{"@context":"https:\/\/schema.org","@graph":[{"@type":"WebPage","@id":"https:\/\/www.epicureans-spirit.com\/fr\/produit\/gin-gastronomique-francais\/","url":"https:\/\/www.epicureans-spirit.com\/fr\/produit\/gin-gastronomique-francais\/","name":"Le gin gastronomique fran\u00e7ais - Epicureans Spirit Gin","isPartOf":{"@id":"https:\/\/www.epicureans-spirit.com\/#website"},"primaryImageOfPage":{"@id":"https:\/\/www.epicureans-spirit.com\/fr\/produit\/gin-gastronomique-francais\/#primaryimage"},"image":{"@id":"https:\/\/www.epicureans-spirit.com\/fr\/produit\/gin-gastronomique-francais\/#primaryimage"},"thumbnailUrl":"https:\/\/www.epicureans-spirit.com\/wp-content\/uploads\/2024\/03\/Epicureans-Gin-bouteille-2025-e1770050602325.png","datePublished":"2024-03-20T05:27:45+00:00","dateModified":"2026-02-03T11:19:27+00:00","breadcrumb":{"@id":"https:\/\/www.epicureans-spirit.com\/fr\/produit\/gin-gastronomique-francais\/#breadcrumb"},"inLanguage":"fr-FR","potentialAction":[{"@type":"ReadAction","target":["https:\/\/www.epicureans-spirit.com\/fr\/produit\/gin-gastronomique-francais\/"]}]},{"@type":"ImageObject","inLanguage":"fr-FR","@id":"https:\/\/www.epicureans-spirit.com\/fr\/produit\/gin-gastronomique-francais\/#primaryimage","url":"https:\/\/www.epicureans-spirit.com\/wp-content\/uploads\/2024\/03\/Epicureans-Gin-bouteille-2025-e1770050602325.png","contentUrl":"https:\/\/www.epicureans-spirit.com\/wp-content\/uploads\/2024\/03\/Epicureans-Gin-bouteille-2025-e1770050602325.png","width":1620,"height":1734},{"@type":"BreadcrumbList","@id":"https:\/\/www.epicureans-spirit.com\/fr\/produit\/gin-gastronomique-francais\/#breadcrumb","itemListElement":[{"@type":"ListItem","position":1,"name":"Home","item":"https:\/\/www.epicureans-spirit.com\/fr\/accueil\/"},{"@type":"ListItem","position":2,"name":"Shop","item":"https:\/\/www.epicureans-spirit.com\/shop\/"},{"@type":"ListItem","position":3,"name":"Le gin gastronomique fran\u00e7ais"}]},{"@type":"WebSite","@id":"https:\/\/www.epicureans-spirit.com\/#website","url":"https:\/\/www.epicureans-spirit.com\/","name":"Epicureans Spirit Gin","description":"Gin Gastronomique Fran\u00e7ais","publisher":{"@id":"https:\/\/www.epicureans-spirit.com\/#organization"},"potentialAction":[{"@type":"SearchAction","target":{"@type":"EntryPoint","urlTemplate":"https:\/\/www.epicureans-spirit.com\/?s={search_term_string}"},"query-input":{"@type":"PropertyValueSpecification","valueRequired":true,"valueName":"search_term_string"}}],"inLanguage":"fr-FR"},{"@type":"Organization","@id":"https:\/\/www.epicureans-spirit.com\/#organization","name":"Epicureans Spirit Gin","url":"https:\/\/www.epicureans-spirit.com\/","logo":{"@type":"ImageObject","inLanguage":"fr-FR","@id":"https:\/\/www.epicureans-spirit.com\/#\/schema\/logo\/image\/","url":"https:\/\/www.epicureans-spirit.com\/wp-content\/uploads\/2024\/05\/E-Spirit-navy-cropped.png","contentUrl":"https:\/\/www.epicureans-spirit.com\/wp-content\/uploads\/2024\/05\/E-Spirit-navy-cropped.png","width":1539,"height":1539,"caption":"Epicureans Spirit Gin"},"image":{"@id":"https:\/\/www.epicureans-spirit.com\/#\/schema\/logo\/image\/"},"sameAs":["https:\/\/www.facebook.com\/epicureans.gin","https:\/\/www.instagram.com\/epicureans.gin\/"]}]}},"jetpack_sharing_enabled":true,"_links":{"self":[{"href":"https:\/\/www.epicureans-spirit.com\/fr\/wp-json\/wp\/v2\/product\/1723","targetHints":{"allow":["GET"]}}],"collection":[{"href":"https:\/\/www.epicureans-spirit.com\/fr\/wp-json\/wp\/v2\/product"}],"about":[{"href":"https:\/\/www.epicureans-spirit.com\/fr\/wp-json\/wp\/v2\/types\/product"}],"replies":[{"embeddable":true,"href":"https:\/\/www.epicureans-spirit.com\/fr\/wp-json\/wp\/v2\/comments?post=1723"}],"wp:featuredmedia":[{"embeddable":true,"href":"https:\/\/www.epicureans-spirit.com\/fr\/wp-json\/wp\/v2\/media\/5215"}],"wp:attachment":[{"href":"https:\/\/www.epicureans-spirit.com\/fr\/wp-json\/wp\/v2\/media?parent=1723"}],"wp:term":[{"taxonomy":"product_cat","embeddable":true,"href":"https:\/\/www.epicureans-spirit.com\/fr\/wp-json\/wp\/v2\/product_cat?post=1723"},{"taxonomy":"product_tag","embeddable":true,"href":"https:\/\/www.epicureans-spirit.com\/fr\/wp-json\/wp\/v2\/product_tag?post=1723"}],"curies":[{"name":"wp","href":"https:\/\/api.w.org\/{rel}","templated":true}]}}