{"id":5252,"date":"2026-02-02T14:58:51","date_gmt":"2026-02-02T14:58:51","guid":{"rendered":"https:\/\/www.epicureans-spirit.com\/product\/livre-de-recettes-de-50-cocktails-pour-les-amateurs-de-gin\/"},"modified":"2026-02-03T15:50:13","modified_gmt":"2026-02-03T15:50:13","slug":"livre-de-recettes-de-50-cocktails-pour-les-amateurs-de-gin","status":"publish","type":"product","link":"https:\/\/www.epicureans-spirit.com\/fr\/produit\/livre-de-recettes-de-50-cocktails-pour-les-amateurs-de-gin\/","title":{"rendered":"50 Cocktails Pour les Amateurs de Gin &#8211; Livre de Recettes"},"content":{"rendered":"","protected":false},"excerpt":{"rendered":"<p>Une collection unique m\u00ealant des classiques intemporels (Martini, Negroni, French 75&#8230;) \u00e0 des cocktails signature d&#8217;Epicureans Spirit. Chaque recette met en valeur le gin gr\u00e2ce \u00e0 un \u00e9quilibre parfait entre tradition et innovation.<\/p>\n","protected":false},"featured_media":5161,"comment_status":"closed","ping_status":"closed","template":"","meta":[],"product_cat":[71],"product_tag":[],"class_list":{"0":"post-5252","1":"product","2":"type-product","3":"status-publish","4":"has-post-thumbnail","6":"product_cat-livre-fr","8":"first","9":"instock","10":"taxable","11":"shipping-taxable","12":"purchasable","13":"product-type-simple"},"yoast_head":"<!-- This site is optimized with the Yoast SEO plugin v26.9 - https:\/\/yoast.com\/product\/yoast-seo-wordpress\/ -->\n<title>50 Cocktails Pour les Amateurs de Gin - Livre de Recettes - Epicureans Spirit Gin<\/title>\n<meta name=\"robots\" content=\"index, follow, max-snippet:-1, max-image-preview:large, max-video-preview:-1\" \/>\n<link rel=\"canonical\" href=\"https:\/\/www.epicureans-spirit.com\/fr\/produit\/livre-de-recettes-de-50-cocktails-pour-les-amateurs-de-gin\/\" \/>\n<meta property=\"og:locale\" content=\"fr_FR\" \/>\n<meta property=\"og:type\" content=\"article\" \/>\n<meta property=\"og:title\" content=\"50 Cocktails Pour les Amateurs de Gin - Livre de Recettes - Epicureans Spirit Gin\" \/>\n<meta property=\"og:description\" content=\"Une collection unique m\u00ealant des classiques intemporels (Martini, Negroni, French 75...) \u00e0 des cocktails signature d&#039;Epicureans Spirit. Chaque recette met en valeur le gin gr\u00e2ce \u00e0 un \u00e9quilibre parfait entre tradition et innovation.\" \/>\n<meta property=\"og:url\" content=\"https:\/\/www.epicureans-spirit.com\/fr\/produit\/livre-de-recettes-de-50-cocktails-pour-les-amateurs-de-gin\/\" \/>\n<meta property=\"og:site_name\" content=\"Epicureans Spirit Gin\" \/>\n<meta property=\"article:publisher\" content=\"https:\/\/www.facebook.com\/epicureans.gin\" \/>\n<meta property=\"article:modified_time\" content=\"2026-02-03T15:50:13+00:00\" \/>\n<meta property=\"og:image\" content=\"https:\/\/www.epicureans-spirit.com\/wp-content\/uploads\/2026\/02\/Cocktail-Book-Cover-FR-1-1024x1024.png\" \/>\n\t<meta property=\"og:image:width\" content=\"1024\" \/>\n\t<meta property=\"og:image:height\" content=\"1024\" \/>\n\t<meta property=\"og:image:type\" content=\"image\/png\" \/>\n<meta name=\"twitter:card\" content=\"summary_large_image\" \/>\n<meta name=\"twitter:label1\" content=\"Dur\u00e9e de lecture estim\u00e9e\" \/>\n\t<meta name=\"twitter:data1\" content=\"1 minute\" \/>\n<script type=\"application\/ld+json\" class=\"yoast-schema-graph\">{\"@context\":\"https:\/\/schema.org\",\"@graph\":[{\"@type\":\"WebPage\",\"@id\":\"https:\/\/www.epicureans-spirit.com\/fr\/produit\/livre-de-recettes-de-50-cocktails-pour-les-amateurs-de-gin\/\",\"url\":\"https:\/\/www.epicureans-spirit.com\/fr\/produit\/livre-de-recettes-de-50-cocktails-pour-les-amateurs-de-gin\/\",\"name\":\"50 Cocktails Pour les Amateurs de Gin - Livre de Recettes - Epicureans Spirit Gin\",\"isPartOf\":{\"@id\":\"https:\/\/www.epicureans-spirit.com\/#website\"},\"primaryImageOfPage\":{\"@id\":\"https:\/\/www.epicureans-spirit.com\/fr\/produit\/livre-de-recettes-de-50-cocktails-pour-les-amateurs-de-gin\/#primaryimage\"},\"image\":{\"@id\":\"https:\/\/www.epicureans-spirit.com\/fr\/produit\/livre-de-recettes-de-50-cocktails-pour-les-amateurs-de-gin\/#primaryimage\"},\"thumbnailUrl\":\"https:\/\/www.epicureans-spirit.com\/wp-content\/uploads\/2026\/02\/Cocktail-Book-Cover-FR-1.png\",\"datePublished\":\"2026-02-02T14:58:51+00:00\",\"dateModified\":\"2026-02-03T15:50:13+00:00\",\"breadcrumb\":{\"@id\":\"https:\/\/www.epicureans-spirit.com\/fr\/produit\/livre-de-recettes-de-50-cocktails-pour-les-amateurs-de-gin\/#breadcrumb\"},\"inLanguage\":\"fr-FR\",\"potentialAction\":[{\"@type\":\"ReadAction\",\"target\":[\"https:\/\/www.epicureans-spirit.com\/fr\/produit\/livre-de-recettes-de-50-cocktails-pour-les-amateurs-de-gin\/\"]}]},{\"@type\":\"ImageObject\",\"inLanguage\":\"fr-FR\",\"@id\":\"https:\/\/www.epicureans-spirit.com\/fr\/produit\/livre-de-recettes-de-50-cocktails-pour-les-amateurs-de-gin\/#primaryimage\",\"url\":\"https:\/\/www.epicureans-spirit.com\/wp-content\/uploads\/2026\/02\/Cocktail-Book-Cover-FR-1.png\",\"contentUrl\":\"https:\/\/www.epicureans-spirit.com\/wp-content\/uploads\/2026\/02\/Cocktail-Book-Cover-FR-1.png\",\"width\":1866,\"height\":1866},{\"@type\":\"BreadcrumbList\",\"@id\":\"https:\/\/www.epicureans-spirit.com\/fr\/produit\/livre-de-recettes-de-50-cocktails-pour-les-amateurs-de-gin\/#breadcrumb\",\"itemListElement\":[{\"@type\":\"ListItem\",\"position\":1,\"name\":\"Home\",\"item\":\"https:\/\/www.epicureans-spirit.com\/fr\/accueil\/\"},{\"@type\":\"ListItem\",\"position\":2,\"name\":\"Shop\",\"item\":\"https:\/\/www.epicureans-spirit.com\/shop\/\"},{\"@type\":\"ListItem\",\"position\":3,\"name\":\"50 Cocktails Pour les Amateurs de Gin &#8211; Livre de Recettes\"}]},{\"@type\":\"WebSite\",\"@id\":\"https:\/\/www.epicureans-spirit.com\/#website\",\"url\":\"https:\/\/www.epicureans-spirit.com\/\",\"name\":\"Epicureans Spirit Gin\",\"description\":\"Gin Gastronomique Fran\u00e7ais\",\"publisher\":{\"@id\":\"https:\/\/www.epicureans-spirit.com\/#organization\"},\"potentialAction\":[{\"@type\":\"SearchAction\",\"target\":{\"@type\":\"EntryPoint\",\"urlTemplate\":\"https:\/\/www.epicureans-spirit.com\/?s={search_term_string}\"},\"query-input\":{\"@type\":\"PropertyValueSpecification\",\"valueRequired\":true,\"valueName\":\"search_term_string\"}}],\"inLanguage\":\"fr-FR\"},{\"@type\":\"Organization\",\"@id\":\"https:\/\/www.epicureans-spirit.com\/#organization\",\"name\":\"Epicureans Spirit Gin\",\"url\":\"https:\/\/www.epicureans-spirit.com\/\",\"logo\":{\"@type\":\"ImageObject\",\"inLanguage\":\"fr-FR\",\"@id\":\"https:\/\/www.epicureans-spirit.com\/#\/schema\/logo\/image\/\",\"url\":\"https:\/\/www.epicureans-spirit.com\/wp-content\/uploads\/2024\/05\/E-Spirit-navy-cropped.png\",\"contentUrl\":\"https:\/\/www.epicureans-spirit.com\/wp-content\/uploads\/2024\/05\/E-Spirit-navy-cropped.png\",\"width\":1539,\"height\":1539,\"caption\":\"Epicureans Spirit Gin\"},\"image\":{\"@id\":\"https:\/\/www.epicureans-spirit.com\/#\/schema\/logo\/image\/\"},\"sameAs\":[\"https:\/\/www.facebook.com\/epicureans.gin\",\"https:\/\/www.instagram.com\/epicureans.gin\/\"]}]}<\/script>\n<!-- \/ Yoast SEO plugin. -->","yoast_head_json":{"title":"50 Cocktails Pour les Amateurs de Gin - Livre de Recettes - Epicureans Spirit Gin","robots":{"index":"index","follow":"follow","max-snippet":"max-snippet:-1","max-image-preview":"max-image-preview:large","max-video-preview":"max-video-preview:-1"},"canonical":"https:\/\/www.epicureans-spirit.com\/fr\/produit\/livre-de-recettes-de-50-cocktails-pour-les-amateurs-de-gin\/","og_locale":"fr_FR","og_type":"article","og_title":"50 Cocktails Pour les Amateurs de Gin - Livre de Recettes - Epicureans Spirit Gin","og_description":"Une collection unique m\u00ealant des classiques intemporels (Martini, Negroni, French 75...) \u00e0 des cocktails signature d'Epicureans Spirit. Chaque recette met en valeur le gin gr\u00e2ce \u00e0 un \u00e9quilibre parfait entre tradition et innovation.","og_url":"https:\/\/www.epicureans-spirit.com\/fr\/produit\/livre-de-recettes-de-50-cocktails-pour-les-amateurs-de-gin\/","og_site_name":"Epicureans Spirit Gin","article_publisher":"https:\/\/www.facebook.com\/epicureans.gin","article_modified_time":"2026-02-03T15:50:13+00:00","og_image":[{"width":1024,"height":1024,"url":"https:\/\/www.epicureans-spirit.com\/wp-content\/uploads\/2026\/02\/Cocktail-Book-Cover-FR-1-1024x1024.png","type":"image\/png"}],"twitter_card":"summary_large_image","twitter_misc":{"Dur\u00e9e de lecture estim\u00e9e":"1 minute"},"schema":{"@context":"https:\/\/schema.org","@graph":[{"@type":"WebPage","@id":"https:\/\/www.epicureans-spirit.com\/fr\/produit\/livre-de-recettes-de-50-cocktails-pour-les-amateurs-de-gin\/","url":"https:\/\/www.epicureans-spirit.com\/fr\/produit\/livre-de-recettes-de-50-cocktails-pour-les-amateurs-de-gin\/","name":"50 Cocktails Pour les Amateurs de Gin - Livre de Recettes - Epicureans Spirit Gin","isPartOf":{"@id":"https:\/\/www.epicureans-spirit.com\/#website"},"primaryImageOfPage":{"@id":"https:\/\/www.epicureans-spirit.com\/fr\/produit\/livre-de-recettes-de-50-cocktails-pour-les-amateurs-de-gin\/#primaryimage"},"image":{"@id":"https:\/\/www.epicureans-spirit.com\/fr\/produit\/livre-de-recettes-de-50-cocktails-pour-les-amateurs-de-gin\/#primaryimage"},"thumbnailUrl":"https:\/\/www.epicureans-spirit.com\/wp-content\/uploads\/2026\/02\/Cocktail-Book-Cover-FR-1.png","datePublished":"2026-02-02T14:58:51+00:00","dateModified":"2026-02-03T15:50:13+00:00","breadcrumb":{"@id":"https:\/\/www.epicureans-spirit.com\/fr\/produit\/livre-de-recettes-de-50-cocktails-pour-les-amateurs-de-gin\/#breadcrumb"},"inLanguage":"fr-FR","potentialAction":[{"@type":"ReadAction","target":["https:\/\/www.epicureans-spirit.com\/fr\/produit\/livre-de-recettes-de-50-cocktails-pour-les-amateurs-de-gin\/"]}]},{"@type":"ImageObject","inLanguage":"fr-FR","@id":"https:\/\/www.epicureans-spirit.com\/fr\/produit\/livre-de-recettes-de-50-cocktails-pour-les-amateurs-de-gin\/#primaryimage","url":"https:\/\/www.epicureans-spirit.com\/wp-content\/uploads\/2026\/02\/Cocktail-Book-Cover-FR-1.png","contentUrl":"https:\/\/www.epicureans-spirit.com\/wp-content\/uploads\/2026\/02\/Cocktail-Book-Cover-FR-1.png","width":1866,"height":1866},{"@type":"BreadcrumbList","@id":"https:\/\/www.epicureans-spirit.com\/fr\/produit\/livre-de-recettes-de-50-cocktails-pour-les-amateurs-de-gin\/#breadcrumb","itemListElement":[{"@type":"ListItem","position":1,"name":"Home","item":"https:\/\/www.epicureans-spirit.com\/fr\/accueil\/"},{"@type":"ListItem","position":2,"name":"Shop","item":"https:\/\/www.epicureans-spirit.com\/shop\/"},{"@type":"ListItem","position":3,"name":"50 Cocktails Pour les Amateurs de Gin &#8211; Livre de Recettes"}]},{"@type":"WebSite","@id":"https:\/\/www.epicureans-spirit.com\/#website","url":"https:\/\/www.epicureans-spirit.com\/","name":"Epicureans Spirit Gin","description":"Gin Gastronomique Fran\u00e7ais","publisher":{"@id":"https:\/\/www.epicureans-spirit.com\/#organization"},"potentialAction":[{"@type":"SearchAction","target":{"@type":"EntryPoint","urlTemplate":"https:\/\/www.epicureans-spirit.com\/?s={search_term_string}"},"query-input":{"@type":"PropertyValueSpecification","valueRequired":true,"valueName":"search_term_string"}}],"inLanguage":"fr-FR"},{"@type":"Organization","@id":"https:\/\/www.epicureans-spirit.com\/#organization","name":"Epicureans Spirit Gin","url":"https:\/\/www.epicureans-spirit.com\/","logo":{"@type":"ImageObject","inLanguage":"fr-FR","@id":"https:\/\/www.epicureans-spirit.com\/#\/schema\/logo\/image\/","url":"https:\/\/www.epicureans-spirit.com\/wp-content\/uploads\/2024\/05\/E-Spirit-navy-cropped.png","contentUrl":"https:\/\/www.epicureans-spirit.com\/wp-content\/uploads\/2024\/05\/E-Spirit-navy-cropped.png","width":1539,"height":1539,"caption":"Epicureans Spirit Gin"},"image":{"@id":"https:\/\/www.epicureans-spirit.com\/#\/schema\/logo\/image\/"},"sameAs":["https:\/\/www.facebook.com\/epicureans.gin","https:\/\/www.instagram.com\/epicureans.gin\/"]}]}},"jetpack_sharing_enabled":true,"_links":{"self":[{"href":"https:\/\/www.epicureans-spirit.com\/fr\/wp-json\/wp\/v2\/product\/5252","targetHints":{"allow":["GET"]}}],"collection":[{"href":"https:\/\/www.epicureans-spirit.com\/fr\/wp-json\/wp\/v2\/product"}],"about":[{"href":"https:\/\/www.epicureans-spirit.com\/fr\/wp-json\/wp\/v2\/types\/product"}],"replies":[{"embeddable":true,"href":"https:\/\/www.epicureans-spirit.com\/fr\/wp-json\/wp\/v2\/comments?post=5252"}],"wp:featuredmedia":[{"embeddable":true,"href":"https:\/\/www.epicureans-spirit.com\/fr\/wp-json\/wp\/v2\/media\/5161"}],"wp:attachment":[{"href":"https:\/\/www.epicureans-spirit.com\/fr\/wp-json\/wp\/v2\/media?parent=5252"}],"wp:term":[{"taxonomy":"product_cat","embeddable":true,"href":"https:\/\/www.epicureans-spirit.com\/fr\/wp-json\/wp\/v2\/product_cat?post=5252"},{"taxonomy":"product_tag","embeddable":true,"href":"https:\/\/www.epicureans-spirit.com\/fr\/wp-json\/wp\/v2\/product_tag?post=5252"}],"curies":[{"name":"wp","href":"https:\/\/api.w.org\/{rel}","templated":true}]}}